{"id":10,"date":"2018-07-24T20:36:11","date_gmt":"2018-07-24T16:36:11","guid":{"rendered":"https:\/\/uniprice.az\/?page_id=10"},"modified":"2018-10-11T20:05:02","modified_gmt":"2018-10-11T16:05:02","slug":"x%c9%99b%c9%99rl%c9%99r","status":"publish","type":"page","link":"https:\/\/uniprice.az\/en\/x%c9%99b%c9%99rl%c9%99r\/","title":{"rendered":"News"},"content":{"rendered":"<div class=\"fusion-fullwidth fullwidth-box nonhundred-percent-fullwidth non-hundred-percent-height-scrolling\"  style='background-color: rgba(255,255,255,0);background-position: center center;background-repeat: no-repeat;padding-top:0px;padding-right:0px;padding-bottom:0px;padding-left:0px;'><div class=\"fusion-builder-row fusion-row \"><div  class=\"fusion-layout-column fusion_builder_column fusion_builder_column_1_1  fusion-one-full fusion-column-first fusion-column-last 1_1\"  style='margin-top:0px;margin-bottom:20px;'>\n\t\t\t\t\t<div class=\"fusion-column-wrapper\" style=\"background-position:left top;background-repeat:no-repeat;-webkit-background-size:cover;-moz-background-size:cover;-o-background-size:cover;background-size:cover;\"  data-bg-url=\"\">\n\t\t\t\t\t\t<div class=\"fusion-recent-posts fusion-recent-posts-1 avada-container layout-thumbnails-on-side layout-columns-1\"><section class=\"fusion-columns columns fusion-columns-1 columns-1\"><article class=\"post fusion-column column col col-lg-12 col-md-12 col-sm-12\"><div class=\"fusion-flexslider flexslider floated-slideshow flexslider-hover-type-none\"><ul class=\"slides\"><li><a href=\"https:\/\/uniprice.az\/en\/m%c9%99hk%c9%99m%c9%99y%c9%99-t%c9%99qdim-olunmasi-ucun-ekspert-r%c9%99yi\/\" class=\"hover-type-none\" aria-label=\"M\u0259hk\u0259m\u0259y\u0259 t\u0259qdim olunmas\u0131 \u00fc\u00e7\u00fcn Ekspert R\u0259yi\"><img src=\"https:\/\/uniprice.az\/wp-content\/uploads\/2020\/04\/mehkeme2-177x142.jpg\" alt=\"\" \/><\/a><\/li><\/ul><\/div><div class=\"recent-posts-content\">\n\t\t\t\n\t\t\t\t\t\t\t<span class=\"vcard\" style=\"display: none;\">\n\t\t\t\t\t<span class=\"fn\">\n\t\t\t\t\t\t<a href=\"https:\/\/uniprice.az\/en\/author\/uniprice\/\" title=\"Posts by uniprice\" rel=\"author\">uniprice<\/a>\t\t\t\t\t<\/span>\n\t\t\t\t<\/span>\n\t\t\t\n\t\t\t\t\t\t\t<span class=\"updated\" style=\"display:none;\">\n\t\t\t\t\t2020-04-25T16:21:45+04:00\t\t\t\t<\/span>\n\t\t\t\n\t\t<h4 class=\"entry-title\"><a href=\"https:\/\/uniprice.az\/en\/m%c9%99hk%c9%99m%c9%99y%c9%99-t%c9%99qdim-olunmasi-ucun-ekspert-r%c9%99yi\/\">M\u0259hk\u0259m\u0259y\u0259 t\u0259qdim olunmas\u0131 \u00fc\u00e7\u00fcn Ekspert R\u0259yi<\/a><\/h4><p class=\"meta\">\n\t\t\t\n\t\t\t\t\t\t\t<span class=\"vcard\" style=\"display: none;\">\n\t\t\t\t\t<span class=\"fn\">\n\t\t\t\t\t\t<a href=\"https:\/\/uniprice.az\/en\/author\/uniprice\/\" title=\"Posts by uniprice\" rel=\"author\">uniprice<\/a>\t\t\t\t\t<\/span>\n\t\t\t\t<\/span>\n\t\t\t\n\t\t\t\n\t\t\n\t\t\t\n\t\t\t\n\t\t\t\t\t\t\t<span class=\"updated\" style=\"display:none;\">\n\t\t\t\t\t2020-04-25T16:21:45+04:00\t\t\t\t<\/span>\n\t\t\t\n\t\t<span>April 25th, 2020<\/span><span class=\"fusion-inline-sep\">|<\/span><\/p><p>M\u0259hk\u0259m\u0259 instansiyalar\u0131na t\u0259qdim olunmas\u0131 \u00fc\u00e7\u00fcn \u0259mlak\u0131n (f\u0259rdi ya\u015fay\u0131\u015f evi, m\u0259nzil, qeyri ya\u015fay\u0131\u015f sah\u0259si-obyekt, q\u0131z\u0131l-zin\u0259t, cehiz \u0259\u015fyalar\u0131 v\u0259 s.) qiym\u0259tl\u0259ndirilm\u0259sin\u0259 dair Ekspert v\u0259 M\u00fct\u0259x\u0259ssis R\u0259yini Uniprice Qiym\u0259tl\u0259ndirm\u0259 M\u0259rk\u0259zind\u0259n \u0259ld\u0259 ed\u0259 bil\u0259rsiz. Sertifikatl\u0131 v\u0259 pe\u015f\u0259kar m\u00fct\u0259x\u0259ssisl\u0259rimizin t\u0259rtib [...]<\/p><\/div><\/article><article class=\"post fusion-column column col col-lg-12 col-md-12 col-sm-12\"><div class=\"fusion-flexslider flexslider floated-slideshow flexslider-hover-type-none\"><ul class=\"slides\"><li><a href=\"https:\/\/uniprice.az\/en\/%c9%99sas-v%c9%99saitl%c9%99rin-qiym%c9%99tl%c9%99ndirilm%c9%99si\/\" class=\"hover-type-none\" aria-label=\"\u018fsas v\u0259saitl\u0259rin qiym\u0259tl\u0259ndirilm\u0259si\"><img src=\"https:\/\/uniprice.az\/wp-content\/uploads\/2020\/04\/nizamname_kap-177x142.jpg\" alt=\"\" \/><\/a><\/li><\/ul><\/div><div class=\"recent-posts-content\">\n\t\t\t\n\t\t\t\t\t\t\t<span class=\"vcard\" style=\"display: none;\">\n\t\t\t\t\t<span class=\"fn\">\n\t\t\t\t\t\t<a href=\"https:\/\/uniprice.az\/en\/author\/uniprice\/\" title=\"Posts by uniprice\" rel=\"author\">uniprice<\/a>\t\t\t\t\t<\/span>\n\t\t\t\t<\/span>\n\t\t\t\n\t\t\t\t\t\t\t<span class=\"updated\" style=\"display:none;\">\n\t\t\t\t\t2020-04-25T16:09:19+04:00\t\t\t\t<\/span>\n\t\t\t\n\t\t<h4 class=\"entry-title\"><a href=\"https:\/\/uniprice.az\/en\/%c9%99sas-v%c9%99saitl%c9%99rin-qiym%c9%99tl%c9%99ndirilm%c9%99si\/\">\u018fsas v\u0259saitl\u0259rin qiym\u0259tl\u0259ndirilm\u0259si<\/a><\/h4><p class=\"meta\">\n\t\t\t\n\t\t\t\t\t\t\t<span class=\"vcard\" style=\"display: none;\">\n\t\t\t\t\t<span class=\"fn\">\n\t\t\t\t\t\t<a href=\"https:\/\/uniprice.az\/en\/author\/uniprice\/\" title=\"Posts by uniprice\" rel=\"author\">uniprice<\/a>\t\t\t\t\t<\/span>\n\t\t\t\t<\/span>\n\t\t\t\n\t\t\t\n\t\t\n\t\t\t\n\t\t\t\n\t\t\t\t\t\t\t<span class=\"updated\" style=\"display:none;\">\n\t\t\t\t\t2020-04-25T16:09:19+04:00\t\t\t\t<\/span>\n\t\t\t\n\t\t<span>April 25th, 2020<\/span><span class=\"fusion-inline-sep\">|<\/span><\/p><p>\u018flaq\u0259: 012 567 75 09; 050 333 34 48<\/p><\/div><\/article><article class=\"post fusion-column column col col-lg-12 col-md-12 col-sm-12\"><div class=\"fusion-flexslider flexslider floated-slideshow flexslider-hover-type-none\"><ul class=\"slides\"><li><a href=\"https:\/\/uniprice.az\/en\/koronavirus-pandemiyasinin-dasinmaz-%c9%99mlak-bazarina-t%c9%99siri-v%c9%99-ehtimal-edil%c9%99n-n%c9%99tic%c9%99l%c9%99ri\/\" class=\"hover-type-none\" aria-label=\"Koronavirus pandemiyas\u0131n\u0131n da\u015f\u0131nmaz \u0259mlak bazar\u0131na t\u0259siri v\u0259 ehtimal edil\u0259n n\u0259tic\u0259l\u0259ri\"><img src=\"https:\/\/uniprice.az\/wp-content\/uploads\/2020\/04\/aqc-log0-177x142.jpg\" alt=\"\" \/><\/a><\/li><\/ul><\/div><div class=\"recent-posts-content\">\n\t\t\t\n\t\t\t\t\t\t\t<span class=\"vcard\" style=\"display: none;\">\n\t\t\t\t\t<span class=\"fn\">\n\t\t\t\t\t\t<a href=\"https:\/\/uniprice.az\/en\/author\/uniprice\/\" title=\"Posts by uniprice\" rel=\"author\">uniprice<\/a>\t\t\t\t\t<\/span>\n\t\t\t\t<\/span>\n\t\t\t\n\t\t\t\t\t\t\t<span class=\"updated\" style=\"display:none;\">\n\t\t\t\t\t2020-04-25T15:53:10+04:00\t\t\t\t<\/span>\n\t\t\t\n\t\t<h4 class=\"entry-title\"><a href=\"https:\/\/uniprice.az\/en\/koronavirus-pandemiyasinin-dasinmaz-%c9%99mlak-bazarina-t%c9%99siri-v%c9%99-ehtimal-edil%c9%99n-n%c9%99tic%c9%99l%c9%99ri\/\">Koronavirus pandemiyas\u0131n\u0131n da\u015f\u0131nmaz \u0259mlak bazar\u0131na t\u0259siri v\u0259 ehtimal edil\u0259n n\u0259tic\u0259l\u0259ri<\/a><\/h4><p class=\"meta\">\n\t\t\t\n\t\t\t\t\t\t\t<span class=\"vcard\" style=\"display: none;\">\n\t\t\t\t\t<span class=\"fn\">\n\t\t\t\t\t\t<a href=\"https:\/\/uniprice.az\/en\/author\/uniprice\/\" title=\"Posts by uniprice\" rel=\"author\">uniprice<\/a>\t\t\t\t\t<\/span>\n\t\t\t\t<\/span>\n\t\t\t\n\t\t\t\n\t\t\n\t\t\t\n\t\t\t\n\t\t\t\t\t\t\t<span class=\"updated\" style=\"display:none;\">\n\t\t\t\t\t2020-04-25T15:53:10+04:00\t\t\t\t<\/span>\n\t\t\t\n\t\t<span>April 25th, 2020<\/span><span class=\"fusion-inline-sep\">|<\/span><\/p><p>Koronavirus pandemiyas\u0131n\u0131n da\u015f\u0131nmaz \u0259mlak bazar\u0131na t\u0259siri v\u0259 ehtimal edil\u0259n n\u0259tic\u0259l\u0259ri M\u00f6vcud v\u0259ziyy\u0259t Haz\u0131rda b\u00fct\u00fcn d\u00fcnyada koronavirus pandemiyas\u0131, karantin v\u0259ziyy\u0259ti v\u0259 maliyy\u0259 b\u00f6hran\u0131 ham\u0131n\u0131 ehtiyyatl\u0131 olma\u011fa vadar edib. O c\u00fcml\u0259d\u0259n, f\u0259rdl\u0259r, i\u015f adamlar\u0131, investorlar, m\u00fc\u0259ssis\u0259l\u0259r v\u0259 [...]<\/p><\/div><\/article><article class=\"post fusion-column column col col-lg-12 col-md-12 col-sm-12\"><div class=\"fusion-flexslider flexslider floated-slideshow flexslider-hover-type-none\"><ul class=\"slides\"><li><a href=\"https:\/\/uniprice.az\/en\/dasinmaz-%c9%99mlak-bazarinda-qiym%c9%99tl%c9%99r-asagi-dus%c9%99-bil%c9%99r-ekspertd%c9%99n-aciqlama\/\" class=\"hover-type-none\" aria-label=\"Da\u015f\u0131nmaz \u0259mlak bazar\u0131nda qiym\u0259tl\u0259r a\u015fa\u011f\u0131 d\u00fc\u015f\u0259 bil\u0259r &#8211; EKSPERTD\u018fN A\u00c7IQLAMA\"><img src=\"https:\/\/uniprice.az\/wp-content\/uploads\/2020\/04\/news_20200423021421-177x142.jpg\" alt=\"\" \/><\/a><\/li><\/ul><\/div><div class=\"recent-posts-content\">\n\t\t\t\n\t\t\t\t\t\t\t<span class=\"vcard\" style=\"display: none;\">\n\t\t\t\t\t<span class=\"fn\">\n\t\t\t\t\t\t<a href=\"https:\/\/uniprice.az\/en\/author\/uniprice\/\" title=\"Posts by uniprice\" rel=\"author\">uniprice<\/a>\t\t\t\t\t<\/span>\n\t\t\t\t<\/span>\n\t\t\t\n\t\t\t\t\t\t\t<span class=\"updated\" style=\"display:none;\">\n\t\t\t\t\t2020-04-25T15:49:35+04:00\t\t\t\t<\/span>\n\t\t\t\n\t\t<h4 class=\"entry-title\"><a href=\"https:\/\/uniprice.az\/en\/dasinmaz-%c9%99mlak-bazarinda-qiym%c9%99tl%c9%99r-asagi-dus%c9%99-bil%c9%99r-ekspertd%c9%99n-aciqlama\/\">Da\u015f\u0131nmaz \u0259mlak bazar\u0131nda qiym\u0259tl\u0259r a\u015fa\u011f\u0131 d\u00fc\u015f\u0259 bil\u0259r &#8211; EKSPERTD\u018fN A\u00c7IQLAMA<\/a><\/h4><p class=\"meta\">\n\t\t\t\n\t\t\t\t\t\t\t<span class=\"vcard\" style=\"display: none;\">\n\t\t\t\t\t<span class=\"fn\">\n\t\t\t\t\t\t<a href=\"https:\/\/uniprice.az\/en\/author\/uniprice\/\" title=\"Posts by uniprice\" rel=\"author\">uniprice<\/a>\t\t\t\t\t<\/span>\n\t\t\t\t<\/span>\n\t\t\t\n\t\t\t\n\t\t\n\t\t\t\n\t\t\t\n\t\t\t\t\t\t\t<span class=\"updated\" style=\"display:none;\">\n\t\t\t\t\t2020-04-25T15:49:35+04:00\t\t\t\t<\/span>\n\t\t\t\n\t\t<span>April 25th, 2020<\/span><span class=\"fusion-inline-sep\">|<\/span><\/p><p>\u201cKoronavirusla ba\u011fl\u0131 Az\u0259rbaycanda t\u0259tbiq olunan karantin rejimi dig\u0259r sah\u0259l\u0259r\u0259 oldu\u011fu kimi da\u015f\u0131nmaz \u0259mlak bazar\u0131na da t\u0259sir g\u00f6st\u0259rib. Pandemiyadan \u0259lav\u0259 paytaxt v\u0259 Az\u0259rbaycan\u0131n \u0259mlak bazar\u0131na t\u0259sir g\u00f6st\u0259r\u0259n amill\u0259rd\u0259n biri d\u0259 neftin qiym\u0259ti il\u0259 ba\u011fl\u0131d\u0131r. T\u0259bii ki, [...]<\/p><\/div><\/article><article class=\"post fusion-column column col col-lg-12 col-md-12 col-sm-12\"><div class=\"fusion-flexslider flexslider floated-slideshow flexslider-hover-type-none\"><ul class=\"slides\"><li><a href=\"https:\/\/uniprice.az\/en\/buzovna-q%c9%99s%c9%99b%c9%99sind%c9%99ki-cum%c9%99-m%c9%99scidi\/\" class=\"hover-type-none\" aria-label=\"Buzovna q\u0259s\u0259b\u0259sind\u0259ki C\u00fcm\u0259 M\u0259scidi\"><img src=\"https:\/\/uniprice.az\/wp-content\/uploads\/2020\/04\/buzovna_cume_mescidi-177x142.jpg\" alt=\"\" \/><\/a><\/li><\/ul><\/div><div class=\"recent-posts-content\">\n\t\t\t\n\t\t\t\t\t\t\t<span class=\"vcard\" style=\"display: none;\">\n\t\t\t\t\t<span class=\"fn\">\n\t\t\t\t\t\t<a href=\"https:\/\/uniprice.az\/en\/author\/uniprice\/\" title=\"Posts by uniprice\" rel=\"author\">uniprice<\/a>\t\t\t\t\t<\/span>\n\t\t\t\t<\/span>\n\t\t\t\n\t\t\t\t\t\t\t<span class=\"updated\" style=\"display:none;\">\n\t\t\t\t\t2020-04-25T15:18:14+04:00\t\t\t\t<\/span>\n\t\t\t\n\t\t<h4 class=\"entry-title\"><a href=\"https:\/\/uniprice.az\/en\/buzovna-q%c9%99s%c9%99b%c9%99sind%c9%99ki-cum%c9%99-m%c9%99scidi\/\">Buzovna q\u0259s\u0259b\u0259sind\u0259ki C\u00fcm\u0259 M\u0259scidi<\/a><\/h4><p class=\"meta\">\n\t\t\t\n\t\t\t\t\t\t\t<span class=\"vcard\" style=\"display: none;\">\n\t\t\t\t\t<span class=\"fn\">\n\t\t\t\t\t\t<a href=\"https:\/\/uniprice.az\/en\/author\/uniprice\/\" title=\"Posts by uniprice\" rel=\"author\">uniprice<\/a>\t\t\t\t\t<\/span>\n\t\t\t\t<\/span>\n\t\t\t\n\t\t\t\n\t\t\n\t\t\t\n\t\t\t\n\t\t\t\t\t\t\t<span class=\"updated\" style=\"display:none;\">\n\t\t\t\t\t2020-04-25T15:18:14+04:00\t\t\t\t<\/span>\n\t\t\t\n\t\t<span>April 25th, 2020<\/span><span class=\"fusion-inline-sep\">|<\/span><\/p><p>Heyd\u0259r \u018fliyev Fondunun t\u0259\u015f\u0259bb\u00fcs\u00fc il\u0259 yenid\u0259n qurulan X\u0259z\u0259r rayonu, Buzovna q\u0259s\u0259b\u0259sind\u0259ki C\u00fcm\u0259 M\u0259scidi #heyd\u0259r\u0259liyevfondu\u00a0#heydaraliyevfoundationoffical\u00a0#heyd\u0259r\u0259liyevm\u0259rk\u0259zi\u00a0#multikultural\u00a0#x\u0259z\u0259r\u00a0#buzovna #c\u00fcm\u0259m\u0259scidi\u00a0#m\u0259scid\u00a0#uniprice<\/p><\/div><\/article><article class=\"post fusion-column column col col-lg-12 col-md-12 col-sm-12\"><div class=\"fusion-flexslider flexslider floated-slideshow flexslider-hover-type-none\"><ul class=\"slides\"><li><a href=\"https:\/\/uniprice.az\/en\/307\/\" class=\"hover-type-none\" aria-label=\"Texnika v\u0259 avadanl\u0131qlar\u0131n qiym\u0259tl\u0259ndirilm\u0259si\"><img src=\"https:\/\/uniprice.az\/wp-content\/uploads\/2020\/04\/texnika_avadanliqlar-177x142.jpg\" alt=\"\" \/><\/a><\/li><\/ul><\/div><div class=\"recent-posts-content\">\n\t\t\t\n\t\t\t\t\t\t\t<span class=\"vcard\" style=\"display: none;\">\n\t\t\t\t\t<span class=\"fn\">\n\t\t\t\t\t\t<a href=\"https:\/\/uniprice.az\/en\/author\/uniprice\/\" title=\"Posts by uniprice\" rel=\"author\">uniprice<\/a>\t\t\t\t\t<\/span>\n\t\t\t\t<\/span>\n\t\t\t\n\t\t\t\t\t\t\t<span class=\"updated\" style=\"display:none;\">\n\t\t\t\t\t2020-04-25T15:12:01+04:00\t\t\t\t<\/span>\n\t\t\t\n\t\t<h4 class=\"entry-title\"><a href=\"https:\/\/uniprice.az\/en\/307\/\">Texnika v\u0259 avadanl\u0131qlar\u0131n qiym\u0259tl\u0259ndirilm\u0259si<\/a><\/h4><p class=\"meta\">\n\t\t\t\n\t\t\t\t\t\t\t<span class=\"vcard\" style=\"display: none;\">\n\t\t\t\t\t<span class=\"fn\">\n\t\t\t\t\t\t<a href=\"https:\/\/uniprice.az\/en\/author\/uniprice\/\" title=\"Posts by uniprice\" rel=\"author\">uniprice<\/a>\t\t\t\t\t<\/span>\n\t\t\t\t<\/span>\n\t\t\t\n\t\t\t\n\t\t\n\t\t\t\n\t\t\t\n\t\t\t\t\t\t\t<span class=\"updated\" style=\"display:none;\">\n\t\t\t\t\t2020-04-25T15:12:01+04:00\t\t\t\t<\/span>\n\t\t\t\n\t\t<span>April 25th, 2020<\/span><span class=\"fusion-inline-sep\">|<\/span><\/p><p>Texnika v\u0259 avadanl\u0131qlar\u0131n qiym\u0259tl\u0259ndirilm\u0259si \u00fc\u00e7\u00fcn Uniprice Qiym\u0259tl\u0259ndirm\u0259 M\u0259rk\u0259zin\u0259 m\u00fcraci\u0259t ed\u0259 bil\u0259rsiz. \u018flaq\u0259:012 567 75 09; 050 333 34 48 #uniprice\u00a0#qiym\u0259tl\u0259ndirm\u0259\u00a0#qiym\u0259t\u00a0#qiym\u0259tl\u0259ndirilm\u0259lidir\u00a0#price\u00a0#value\u00a0#sources\u00a0#m\u00fchasibat\u00a0#audit\u00a0#muhasibatliq\u00a0#muhasib\u00a0#muhasibat\u00a0#buxalter\u00a0#buxalteriya\u00a0#v\u0259kil\u00a0#h\u00fcquq\u00a0#beyn\u0259xalqm\u00fchasibatl\u0131\u011fagiri\u015f\u00a0#bmus\u00a0#ifrs\u00a0#ifrs9\u00a0#ifrs16\u00a0#baku??\u00a0#azerbaycan??<\/p><\/div><\/article><article class=\"post fusion-column column col col-lg-12 col-md-12 col-sm-12\"><div class=\"fusion-flexslider flexslider floated-slideshow flexslider-hover-type-none\"><ul class=\"slides\"><li><a href=\"https:\/\/uniprice.az\/en\/ipoteka-kreditl%c9%99rin%c9%99-guz%c9%99st\/\" class=\"hover-type-none\" aria-label=\"\u0130poteka kreditl\u0259rin\u0259 g\u00fcz\u0259\u015ft\"><img src=\"https:\/\/uniprice.az\/wp-content\/uploads\/2020\/04\/kiraye_menzil-177x142.jpg\" alt=\"\" \/><\/a><\/li><\/ul><\/div><div class=\"recent-posts-content\">\n\t\t\t\n\t\t\t\t\t\t\t<span class=\"vcard\" style=\"display: none;\">\n\t\t\t\t\t<span class=\"fn\">\n\t\t\t\t\t\t<a href=\"https:\/\/uniprice.az\/en\/author\/uniprice\/\" title=\"Posts by uniprice\" rel=\"author\">uniprice<\/a>\t\t\t\t\t<\/span>\n\t\t\t\t<\/span>\n\t\t\t\n\t\t\t\t\t\t\t<span class=\"updated\" style=\"display:none;\">\n\t\t\t\t\t2020-04-25T15:01:16+04:00\t\t\t\t<\/span>\n\t\t\t\n\t\t<h4 class=\"entry-title\"><a href=\"https:\/\/uniprice.az\/en\/ipoteka-kreditl%c9%99rin%c9%99-guz%c9%99st\/\">\u0130poteka kreditl\u0259rin\u0259 g\u00fcz\u0259\u015ft<\/a><\/h4><p class=\"meta\">\n\t\t\t\n\t\t\t\t\t\t\t<span class=\"vcard\" style=\"display: none;\">\n\t\t\t\t\t<span class=\"fn\">\n\t\t\t\t\t\t<a href=\"https:\/\/uniprice.az\/en\/author\/uniprice\/\" title=\"Posts by uniprice\" rel=\"author\">uniprice<\/a>\t\t\t\t\t<\/span>\n\t\t\t\t<\/span>\n\t\t\t\n\t\t\t\n\t\t\n\t\t\t\n\t\t\t\n\t\t\t\t\t\t\t<span class=\"updated\" style=\"display:none;\">\n\t\t\t\t\t2020-04-25T15:01:16+04:00\t\t\t\t<\/span>\n\t\t\t\n\t\t<span>April 25th, 2020<\/span><span class=\"fusion-inline-sep\">|<\/span><\/p><p>Az\u0259rbaycan Respublikas\u0131n\u0131n \u0130poteka v\u0259 Kredit Z\u0259man\u0259t Fondu bildirir ki,\u00a0Fondun v\u0259saiti hesab\u0131na veril\u0259n ipoteka kreditl\u0259rinin restrukturizasiyas\u0131 il\u0259 ba\u011fl\u0131 m\u0259s\u0259l\u0259l\u0259r Az\u0259rbaycan Respublikas\u0131 Prezidentinin 2016-c\u0131 il 22 iyun tarixli 940 n\u00f6mr\u0259li F\u0259rman\u0131 il\u0259 t\u0259sdiq edilmi\u015f \"Az\u0259rbaycan Respublikas\u0131 \u0130poteka [...]<\/p><\/div><\/article><article class=\"post fusion-column column col col-lg-12 col-md-12 col-sm-12\"><div class=\"fusion-flexslider flexslider floated-slideshow flexslider-hover-type-none\"><ul class=\"slides\"><li><a href=\"https:\/\/uniprice.az\/en\/suv%c9%99lan-q%c9%99s%c9%99b%c9%99sind%c9%99-yenid%c9%99n-qurulan-internat-m%c9%99kt%c9%99bi\/\" class=\"hover-type-none\" aria-label=\"\u015e\u00fcv\u0259lan q\u0259s\u0259b\u0259sind\u0259 yenid\u0259n qurulan internat m\u0259kt\u0259bi\"><img src=\"https:\/\/uniprice.az\/wp-content\/uploads\/2020\/04\/suvelan_internat_mektebi-177x142.jpg\" alt=\"\" \/><\/a><\/li><\/ul><\/div><div class=\"recent-posts-content\">\n\t\t\t\n\t\t\t\t\t\t\t<span class=\"vcard\" style=\"display: none;\">\n\t\t\t\t\t<span class=\"fn\">\n\t\t\t\t\t\t<a href=\"https:\/\/uniprice.az\/en\/author\/uniprice\/\" title=\"Posts by uniprice\" rel=\"author\">uniprice<\/a>\t\t\t\t\t<\/span>\n\t\t\t\t<\/span>\n\t\t\t\n\t\t\t\t\t\t\t<span class=\"updated\" style=\"display:none;\">\n\t\t\t\t\t2020-04-25T14:56:30+04:00\t\t\t\t<\/span>\n\t\t\t\n\t\t<h4 class=\"entry-title\"><a href=\"https:\/\/uniprice.az\/en\/suv%c9%99lan-q%c9%99s%c9%99b%c9%99sind%c9%99-yenid%c9%99n-qurulan-internat-m%c9%99kt%c9%99bi\/\">\u015e\u00fcv\u0259lan q\u0259s\u0259b\u0259sind\u0259 yenid\u0259n qurulan internat m\u0259kt\u0259bi<\/a><\/h4><p class=\"meta\">\n\t\t\t\n\t\t\t\t\t\t\t<span class=\"vcard\" style=\"display: none;\">\n\t\t\t\t\t<span class=\"fn\">\n\t\t\t\t\t\t<a href=\"https:\/\/uniprice.az\/en\/author\/uniprice\/\" title=\"Posts by uniprice\" rel=\"author\">uniprice<\/a>\t\t\t\t\t<\/span>\n\t\t\t\t<\/span>\n\t\t\t\n\t\t\t\n\t\t\n\t\t\t\n\t\t\t\n\t\t\t\t\t\t\t<span class=\"updated\" style=\"display:none;\">\n\t\t\t\t\t2020-04-25T14:56:30+04:00\t\t\t\t<\/span>\n\t\t\t\n\t\t<span>April 25th, 2020<\/span><span class=\"fusion-inline-sep\">|<\/span><\/p><p>Heyd\u0259r \u018fliyev Fondunun \u201cU\u015faq evl\u0259ri v\u0259 internat m\u0259kt\u0259bl\u0259rinin inki\u015faf\u0131\u201d proqram\u0131 \u00e7\u0259r\u00e7iv\u0259sind\u0259 \u015e\u00fcv\u0259lan q\u0259s\u0259b\u0259sind\u0259 yenid\u0259n qurulan 4 n\u00f6mr\u0259li x\u00fcsusi internat m\u0259kt\u0259bi #heydaraliyevfoundationoffical\u00a0#heyd\u0259r\u0259liyevfondu\u00a0#azerbaijan\u00a0#az\u0259rbaycan\u00a0#uniprice<\/p><\/div><\/article><article class=\"post fusion-column column col col-lg-12 col-md-12 col-sm-12\"><div class=\"fusion-flexslider flexslider floated-slideshow flexslider-hover-type-none\"><ul class=\"slides\"><li><a href=\"https:\/\/uniprice.az\/en\/qala-arxeoloji-etnoqrafik-muzey-kompleksi\/\" class=\"hover-type-none\" aria-label=\"Qala Arxeoloji-Etnoqrafik Muzey Kompleksi\"><img src=\"https:\/\/uniprice.az\/wp-content\/uploads\/2020\/04\/qala_muzey-2-177x142.jpg\" alt=\"\" \/><\/a><\/li><\/ul><\/div><div class=\"recent-posts-content\">\n\t\t\t\n\t\t\t\t\t\t\t<span class=\"vcard\" style=\"display: none;\">\n\t\t\t\t\t<span class=\"fn\">\n\t\t\t\t\t\t<a href=\"https:\/\/uniprice.az\/en\/author\/uniprice\/\" title=\"Posts by uniprice\" rel=\"author\">uniprice<\/a>\t\t\t\t\t<\/span>\n\t\t\t\t<\/span>\n\t\t\t\n\t\t\t\t\t\t\t<span class=\"updated\" style=\"display:none;\">\n\t\t\t\t\t2020-04-25T14:47:27+04:00\t\t\t\t<\/span>\n\t\t\t\n\t\t<h4 class=\"entry-title\"><a href=\"https:\/\/uniprice.az\/en\/qala-arxeoloji-etnoqrafik-muzey-kompleksi\/\">Qala Arxeoloji-Etnoqrafik Muzey Kompleksi<\/a><\/h4><p class=\"meta\">\n\t\t\t\n\t\t\t\t\t\t\t<span class=\"vcard\" style=\"display: none;\">\n\t\t\t\t\t<span class=\"fn\">\n\t\t\t\t\t\t<a href=\"https:\/\/uniprice.az\/en\/author\/uniprice\/\" title=\"Posts by uniprice\" rel=\"author\">uniprice<\/a>\t\t\t\t\t<\/span>\n\t\t\t\t<\/span>\n\t\t\t\n\t\t\t\n\t\t\n\t\t\t\n\t\t\t\n\t\t\t\t\t\t\t<span class=\"updated\" style=\"display:none;\">\n\t\t\t\t\t2020-04-25T14:47:27+04:00\t\t\t\t<\/span>\n\t\t\t\n\t\t<span>April 25th, 2020<\/span><span class=\"fusion-inline-sep\">|<\/span><\/p><p>Heyd\u0259r \u018fliyev Fondunun t\u0259\u015f\u0259bb\u00fcs\u00fc il\u0259 yarad\u0131lan Qala Arxeoloji-Etnoqrafik Muzey Kompleksi #heydaraliyevfoundationoffical\u00a0#heyd\u0259r\u0259liyevfondu\u00a0#muzey\u00a0#etnoqrafik\u00a0#tarix\u00a0#historyazerbaijan\u00a0#azerbaijan??\u00a0#uniprice<\/p><\/div><\/article><article class=\"post fusion-column column col col-lg-12 col-md-12 col-sm-12\"><div class=\"fusion-flexslider flexslider floated-slideshow flexslider-hover-type-none\"><ul class=\"slides\"><li><a href=\"https:\/\/uniprice.az\/en\/n%c9%99qliyyat-vasit%c9%99l%c9%99rinin-qiym%c9%99tl%c9%99ndirilm%c9%99si\/\" class=\"hover-type-none\" aria-label=\"N\u0259qliyyat vasit\u0259l\u0259rinin qiym\u0259tl\u0259ndirilm\u0259si\"><img src=\"https:\/\/uniprice.az\/wp-content\/uploads\/2019\/05\/neql-177x142.jpg\" alt=\"\" \/><\/a><\/li><\/ul><\/div><div class=\"recent-posts-content\">\n\t\t\t\n\t\t\t\t\t\t\t<span class=\"vcard\" style=\"display: none;\">\n\t\t\t\t\t<span class=\"fn\">\n\t\t\t\t\t\t<a href=\"https:\/\/uniprice.az\/en\/author\/admin\/\" title=\"Posts by admin\" rel=\"author\">admin<\/a>\t\t\t\t\t<\/span>\n\t\t\t\t<\/span>\n\t\t\t\n\t\t\t\t\t\t\t<span class=\"updated\" style=\"display:none;\">\n\t\t\t\t\t2019-05-19T01:24:27+04:00\t\t\t\t<\/span>\n\t\t\t\n\t\t<h4 class=\"entry-title\"><a href=\"https:\/\/uniprice.az\/en\/n%c9%99qliyyat-vasit%c9%99l%c9%99rinin-qiym%c9%99tl%c9%99ndirilm%c9%99si\/\">N\u0259qliyyat vasit\u0259l\u0259rinin qiym\u0259tl\u0259ndirilm\u0259si<\/a><\/h4><p class=\"meta\">\n\t\t\t\n\t\t\t\t\t\t\t<span class=\"vcard\" style=\"display: none;\">\n\t\t\t\t\t<span class=\"fn\">\n\t\t\t\t\t\t<a href=\"https:\/\/uniprice.az\/en\/author\/admin\/\" title=\"Posts by admin\" rel=\"author\">admin<\/a>\t\t\t\t\t<\/span>\n\t\t\t\t<\/span>\n\t\t\t\n\t\t\t\n\t\t\n\t\t\t\n\t\t\t\n\t\t\t\t\t\t\t<span class=\"updated\" style=\"display:none;\">\n\t\t\t\t\t2019-05-19T01:24:27+04:00\t\t\t\t<\/span>\n\t\t\t\n\t\t<span>May 19th, 2019<\/span><span class=\"fusion-inline-sep\">|<\/span><\/p><p>N\u0259qliyyat vasit\u0259l\u0259rinin, a\u011f\u0131r texnikan\u0131n m\u00f6vcud v\u0259ziyy\u0259tinin m\u00fc\u0259yy\u0259nl\u0259\u015fdirilm\u0259si, d\u0259y\u0259rinin qiym\u0259tl\u0259ndirilm\u0259si \u00fc\u00e7\u00fcn m\u00fcst\u0259qil ekspertl\u0259rimiz\u0259 m\u00fcraci\u0259t ed\u0259 bil\u0259rsiz. \u018flaq\u0259:+99450 333 34 48<\/p><\/div><\/article><\/section><\/div><div class=\"fusion-clearfix\"><\/div>\n\n\t\t\t\t\t<\/div>\n\t\t\t\t<\/div><\/div><\/div>\n","protected":false},"excerpt":{"rendered":"","protected":false},"author":1,"featured_media":0,"parent":0,"menu_order":0,"comment_status":"closed","ping_status":"closed","template":"","meta":[],"_links":{"self":[{"href":"https:\/\/uniprice.az\/en\/wp-json\/wp\/v2\/pages\/10"}],"collection":[{"href":"https:\/\/uniprice.az\/en\/wp-json\/wp\/v2\/pages"}],"about":[{"href":"https:\/\/uniprice.az\/en\/wp-json\/wp\/v2\/types\/page"}],"author":[{"embeddable":true,"href":"https:\/\/uniprice.az\/en\/wp-json\/wp\/v2\/users\/1"}],"replies":[{"embeddable":true,"href":"https:\/\/uniprice.az\/en\/wp-json\/wp\/v2\/comments?post=10"}],"version-history":[{"count":3,"href":"https:\/\/uniprice.az\/en\/wp-json\/wp\/v2\/pages\/10\/revisions"}],"predecessor-version":[{"id":159,"href":"https:\/\/uniprice.az\/en\/wp-json\/wp\/v2\/pages\/10\/revisions\/159"}],"wp:attachment":[{"href":"https:\/\/uniprice.az\/en\/wp-json\/wp\/v2\/media?parent=10"}],"curies":[{"name":"wp","href":"https:\/\/api.w.org\/{rel}","templated":true}]}}