{"id":12,"date":"2018-07-24T20:35:50","date_gmt":"2018-07-24T16:35:50","guid":{"rendered":"https:\/\/uniprice.az\/?page_id=12"},"modified":"2019-05-19T07:22:10","modified_gmt":"2019-05-19T03:22:10","slug":"t%c9%99r%c9%99fdaslar","status":"publish","type":"page","link":"https:\/\/uniprice.az\/en\/t%c9%99r%c9%99fdaslar\/","title":{"rendered":"Partners"},"content":{"rendered":"<h3>UN\u0130PR\u0130CE MMC-nin \u0259m\u0259kda\u015fl\u0131q etdiyi qurumlar<\/h3>\n<h3>D\u00f6vl\u0259t qurumlar\u0131<\/h3>\n<h3>* Az\u0259rbaycan Respublikas\u0131 Nazirl\u0259r Kabineti;<\/h3>\n<h3>* Az\u0259rbaycan Respublikas\u0131 Vergil\u0259r Nazirliyi;<\/h3>\n<h3>* Az\u0259rbaycan Respublikas\u0131 Maliyy\u0259 Nazirliyi;<\/h3>\n<h3>* Az\u0259rbaycan Respublikas\u0131 \u018fdliyy\u0259 Nazirliyi;<\/h3>\n<h3>* Az\u0259rbaycan Respublikas\u0131 \u018fmlak M\u0259s\u0259l\u0259l\u0259ri D\u00f6vl\u0259t Komit\u0259si;<\/h3>\n<h3>* Az\u0259rbaycan Respublikas\u0131 M\u0259rk\u0259zi Bank\u0131;<\/h3>\n<h3>* Az\u0259rbaycan Respublikas\u0131 N\u0259qliyyat, Rabit\u0259 v\u0259 Y\u00fcks\u0259k Texnologiyalar Nazirliyi;<\/h3>\n<h3>* Az\u0259rbaycan Respublikas\u0131 \u0130qtisadiyyat Nazirliyi;<\/h3>\n<h3>* Az\u0259rbaycan Respublikas\u0131 D\u00f6vl\u0259t \u015e\u0259h\u0259rsalma v\u0259 Arxitektura Komit\u0259si;<\/h3>\n<h3>* Az\u0259rbaycan Respublikas\u0131 K\u0259nd T\u0259s\u0259rr\u00fcfat\u0131 Nazirliyi;<\/h3>\n<h3>* Az\u0259rbaycan Respublikas\u0131 M\u0259d\u0259niyy\u0259t Nazirliyi;<\/h3>\n<h3>* Az\u0259rbaycan Respublikas\u0131n\u0131n Maliyy\u0259 Bazarlar\u0131na N\u0259zar\u0259t Palatas\u0131;<\/h3>\n<h3>* Da\u015f\u0131nmaz \u018fmlak\u0131n D\u00f6vl\u0259t Reyestri Xidm\u0259ti;<\/h3>\n<h3>* Bak\u0131 \u015f\u0259h\u0259ri \u0130cra Hakimiyy\u0259ti v\u0259 respublikan\u0131n dig\u0259r rayon icra hakimiyy\u0259tl\u0259ri.<\/h3>\n<h3>M\u0259hk\u0259m\u0259 instansiyalar\u0131<\/h3>\n<h3>* Apellyasiya M\u0259hk\u0259m\u0259l\u0259ri;<\/h3>\n<h3>* Rayon (\u015f\u0259h\u0259r) m\u0259hk\u0259m\u0259l\u0259ri;<\/h3>\n<h3>* \u0130nzibati-\u0130qtisadi M\u0259hk\u0259m\u0259l\u0259r.<\/h3>\n<h3>Beyn\u0259lxalq t\u0259\u015fkilatlar<\/h3>\n<h3>* ABA CEEL\u0130 &#8211; Amerika H\u00fcquq\u015funaslar Assosiyasiyas\u0131;<\/h3>\n<h3>* Avrasiya Qiym\u0259tl\u0259ndiricil\u0259r Birlikl\u0259ri \u015euras\u0131;<\/h3>\n<h3>* Avropa Qiym\u0259tl\u0259ndirici T\u0259\u015fkilatlar Asossasiyas\u0131 (TEGoVA);<\/h3>\n<h3>* Rusiya Qiym\u0259tl\u0259ndiricil\u0259r C\u0259miyy\u0259ti;<\/h3>\n<h3>* BBVB &#8211; Bak\u0131 Banklararas\u0131 Valyuta Birjas\u0131<\/h3>\n<h3>Bunlardan ba\u015fqa, Uniprice MMC Az\u0259rbaycan Qiym\u0259tl\u0259ndiricil\u0259r C\u0259miyy\u0259tinin \u00fczv\u00fc olmaqla bir \u00e7ox h\u00fcquq m\u0259sl\u0259h\u0259txanalar\u0131, v\u0259kill\u0259r kollegiyas\u0131, h\u00fcquqi v\u0259 fiziki \u015f\u0259xsl\u0259r, audit \u015firk\u0259tl\u0259ri v\u0259 s. il\u0259 s\u0131x \u0259m\u0259kda\u015fl\u0131q edir, K\u0130V il\u0259 maarifl\u0259ndirm\u0259 i\u015fini g\u00fccl\u0259ndirir, yerli v\u0259 beyn\u0259lxalq t\u0259dbirl\u0259rd\u0259 yax\u0131ndan i\u015ftirak etm\u0259kd\u0259dir.<\/h3>\n","protected":false},"excerpt":{"rendered":"<p>UN\u0130PR\u0130CE MMC-nin \u0259m\u0259kda\u015fl\u0131q etdiyi qurumlar D\u00f6vl\u0259t qurumlar\u0131 * Az\u0259rbaycan Respublikas\u0131 [&hellip;]<\/p>\n","protected":false},"author":1,"featured_media":0,"parent":0,"menu_order":0,"comment_status":"closed","ping_status":"closed","template":"","meta":[],"_links":{"self":[{"href":"https:\/\/uniprice.az\/en\/wp-json\/wp\/v2\/pages\/12"}],"collection":[{"href":"https:\/\/uniprice.az\/en\/wp-json\/wp\/v2\/pages"}],"about":[{"href":"https:\/\/uniprice.az\/en\/wp-json\/wp\/v2\/types\/page"}],"author":[{"embeddable":true,"href":"https:\/\/uniprice.az\/en\/wp-json\/wp\/v2\/users\/1"}],"replies":[{"embeddable":true,"href":"https:\/\/uniprice.az\/en\/wp-json\/wp\/v2\/comments?post=12"}],"version-history":[{"count":6,"href":"https:\/\/uniprice.az\/en\/wp-json\/wp\/v2\/pages\/12\/revisions"}],"predecessor-version":[{"id":259,"href":"https:\/\/uniprice.az\/en\/wp-json\/wp\/v2\/pages\/12\/revisions\/259"}],"wp:attachment":[{"href":"https:\/\/uniprice.az\/en\/wp-json\/wp\/v2\/media?parent=12"}],"curies":[{"name":"wp","href":"https:\/\/api.w.org\/{rel}","templated":true}]}}