{"id":8,"date":"2018-07-24T20:36:09","date_gmt":"2018-07-24T16:36:09","guid":{"rendered":"https:\/\/uniprice.az\/?page_id=8"},"modified":"2018-10-11T20:05:33","modified_gmt":"2018-10-11T16:05:33","slug":"xidm%c9%99tl%c9%99r","status":"publish","type":"page","link":"https:\/\/uniprice.az\/en\/xidm%c9%99tl%c9%99r\/","title":{"rendered":"Services"},"content":{"rendered":"<div class=\"fusion-fullwidth fullwidth-box nonhundred-percent-fullwidth non-hundred-percent-height-scrolling\"  style='background-color: rgba(255,255,255,0);background-position: center center;background-repeat: no-repeat;padding-top:0px;padding-right:0px;padding-bottom:0px;padding-left:0px;'><div class=\"fusion-builder-row fusion-row \"><div  class=\"fusion-layout-column fusion_builder_column fusion_builder_column_1_1  fusion-one-full fusion-column-first fusion-column-last 1_1\"  style='margin-top:0px;margin-bottom:20px;'>\n\t\t\t\t\t<div class=\"fusion-column-wrapper\" style=\"padding: 0px 0px 0px 0px;background-position:left top;background-repeat:no-repeat;-webkit-background-size:cover;-moz-background-size:cover;-o-background-size:cover;background-size:cover;\"  data-bg-url=\"\">\n\t\t\t\t\t\t<div class=\"fusion-recent-posts fusion-recent-posts-1 avada-container layout-default layout-columns-1 fusion-recent-posts-left\"><section class=\"fusion-columns columns fusion-columns-1 columns-1\"><article class=\"post fusion-column column col col-lg-12 col-md-12 col-sm-12\"><div class=\"recent-posts-content\">\n\t\t\t\n\t\t\t\t\t\t\t<span class=\"vcard\" style=\"display: none;\">\n\t\t\t\t\t<span class=\"fn\">\n\t\t\t\t\t\t<a href=\"https:\/\/uniprice.az\/en\/author\/admin\/\" title=\"Posts by admin\" rel=\"author\">admin<\/a>\t\t\t\t\t<\/span>\n\t\t\t\t<\/span>\n\t\t\t\n\t\t\t\t\t\t\t<span class=\"updated\" style=\"display:none;\">\n\t\t\t\t\t2019-03-05T19:58:57+04:00\t\t\t\t<\/span>\n\t\t\t\n\t\t<h4 class=\"entry-title\"><a href=\"https:\/\/uniprice.az\/en\/yasayis-t%c9%99yinatli-dasinmaz-%c9%99mlakin-qiym%c9%99tl%c9%99ndirilm%c9%99si\/\">Ya\u015fay\u0131\u015f t\u0259yinatl\u0131 da\u015f\u0131nmaz \u0259mlak\u0131n qiym\u0259tl\u0259ndirilm\u0259si<\/a><\/h4><p>Qiym\u0259tl\u0259ndirm\u0259 f\u0259aliyy\u0259tind\u0259 \u0259n \u00e7ox t\u0259l\u0259b olunan qiym\u0259tl\u0259ndirm\u0259 istiqam\u0259ti \u0259mlak bazar\u0131n\u0131n b\u00f6y\u00fck h\u0259cmini t\u0259\u015fkil ed\u0259n ya\u015fay\u0131\u015f t\u0259yinatl\u0131 da\u015f\u0131nmaz \u0259mlaklard\u0131r. Ya\u015fay\u0131\u015f t\u0259yinatl\u0131 \u0259mlak dedikd\u0259, \u00e7oxm\u0259nzilli binlarda m\u0259nzill\u0259r, f\u0259rdi ya\u015fay\u0131\u015f evl\u0259ri, iri h\u0259cmli m\u00fclkl\u0259r (villalar), ba\u011f evl\u0259ri n\u0259z\u0259rd\u0259 [...]<\/p><\/div><\/article><article class=\"post fusion-column column col col-lg-12 col-md-12 col-sm-12\"><div class=\"recent-posts-content\">\n\t\t\t\n\t\t\t\t\t\t\t<span class=\"vcard\" style=\"display: none;\">\n\t\t\t\t\t<span class=\"fn\">\n\t\t\t\t\t\t<a href=\"https:\/\/uniprice.az\/en\/author\/admin\/\" title=\"Posts by admin\" rel=\"author\">admin<\/a>\t\t\t\t\t<\/span>\n\t\t\t\t<\/span>\n\t\t\t\n\t\t\t\t\t\t\t<span class=\"updated\" style=\"display:none;\">\n\t\t\t\t\t2019-03-05T20:03:12+04:00\t\t\t\t<\/span>\n\t\t\t\n\t\t<h4 class=\"entry-title\"><a href=\"https:\/\/uniprice.az\/en\/qiym%c9%99tl%c9%99ndirm%c9%99-zamani-muvafiq-%c9%99mlaklar-uzr%c9%99-t%c9%99l%c9%99b-olunan-s%c9%99n%c9%99dl%c9%99r\/\">Qiym\u0259tl\u0259ndirm\u0259 zaman\u0131 m\u00fcvafiq \u0259mlaklar \u00fczr\u0259 t\u0259l\u0259b olunan s\u0259n\u0259dl\u0259r<\/a><\/h4><p>Qiym\u0259tl\u0259ndirm\u0259 zaman\u0131 obyektin h\u0259qiqiliyini t\u0259sdiq etm\u0259k m\u0259qs\u0259dil\u0259 m\u00fcvafiq \u0259mlaklar \u00fczr\u0259 aidiyyat\u0131 h\u00fcquqi s\u0259n\u0259dl\u0259r t\u0259l\u0259b olunur. M\u00fcvafiq s\u0259n\u0259dl\u0259r\u0259 \u0259sas\u0259n \u0259mlak\u0131n eynil\u0259\u015fdirilm\u0259si apar\u0131l\u0131r. Konkret \u0259mlak seqmentl\u0259rin\u0259 uy\u011fun olaraq a\u015fa\u011f\u0131da g\u00f6st\u0259ril\u0259n s\u0259n\u0259dl\u0259r t\u0259l\u0259b olunur. \u00a0 Qiym\u0259tl\u0259ndiril\u0259n da\u015f\u0131nmaz \u0259mlak [...]<\/p><\/div><\/article><\/section><\/div><div class=\"fusion-clearfix\"><\/div>\n\n\t\t\t\t\t<\/div>\n\t\t\t\t<\/div><\/div><\/div>\n","protected":false},"excerpt":{"rendered":"","protected":false},"author":1,"featured_media":0,"parent":0,"menu_order":0,"comment_status":"closed","ping_status":"closed","template":"","meta":[],"_links":{"self":[{"href":"https:\/\/uniprice.az\/en\/wp-json\/wp\/v2\/pages\/8"}],"collection":[{"href":"https:\/\/uniprice.az\/en\/wp-json\/wp\/v2\/pages"}],"about":[{"href":"https:\/\/uniprice.az\/en\/wp-json\/wp\/v2\/types\/page"}],"author":[{"embeddable":true,"href":"https:\/\/uniprice.az\/en\/wp-json\/wp\/v2\/users\/1"}],"replies":[{"embeddable":true,"href":"https:\/\/uniprice.az\/en\/wp-json\/wp\/v2\/comments?post=8"}],"version-history":[{"count":4,"href":"https:\/\/uniprice.az\/en\/wp-json\/wp\/v2\/pages\/8\/revisions"}],"predecessor-version":[{"id":160,"href":"https:\/\/uniprice.az\/en\/wp-json\/wp\/v2\/pages\/8\/revisions\/160"}],"wp:attachment":[{"href":"https:\/\/uniprice.az\/en\/wp-json\/wp\/v2\/media?parent=8"}],"curies":[{"name":"wp","href":"https:\/\/api.w.org\/{rel}","templated":true}]}}